{"id":1255,"date":"2025-11-17T20:08:10","date_gmt":"2025-11-17T19:08:10","guid":{"rendered":"https:\/\/amediavilla.com\/comprar-joies-d-autor\/sin categor\u00eda\/colgante-de-plata-y-rubi-chatoyant-marron\/"},"modified":"2025-11-17T20:08:10","modified_gmt":"2025-11-17T19:08:10","slug":"colgante-de-plata-y-rubi-chatoyant-marron","status":"publish","type":"product","link":"https:\/\/amediavilla.com\/es\/comprar-joyas-de-autor\/colgantes\/colgante-de-plata-y-rubi-chatoyant-marron\/","title":{"rendered":"Colgante de plata y rub\u00ed chatoyant marr\u00f3n"},"content":{"rendered":"<p><span style=\"font-weight: 400;\">Colgante de plata y rub\u00ed chatoyant marr\u00f3n  <\/span><\/p>\n<ul>\n<li style=\"font-weight: 400;\" aria-level=\"1\"><span style=\"font-weight: 400;\">Joya hecha a mano<\/span><\/li>\n<li style=\"font-weight: 400;\" aria-level=\"1\"><span style=\"font-weight: 400;\">Plata de ley 925<\/span><\/li>\n<li style=\"font-weight: 400;\" aria-level=\"1\"><span style=\"font-weight: 400;\">Un cabuj\u00f3n de rub\u00ed de color marr\u00f3n ceniza que presenta el efecto chatoyance producido por finas agujas de rutilo dispuestas de forma paralela que reflejan la luz de forma que recuerda a la pupila de un gato.<\/span><\/li>\n<\/ul>\n<p><span style=\"font-weight: 400;\">Cord\u00f3n de cuero de 50 cm con cierre de plata incluido.<\/span><\/p>\n<p><span style=\"font-weight: 400;\">Medidas del colgante: 3.3 cm x 2.1 cm<\/span><\/p>\n<p>&nbsp;<\/p>\n","protected":false},"excerpt":{"rendered":"<p>Colgante de plata y rub\u00ed chatoyant marr\u00f3n.<\/p>\n","protected":false},"featured_media":1251,"template":"","meta":[],"product_brand":[],"product_cat":[75],"product_tag":[100],"class_list":{"0":"post-1255","1":"product","2":"type-product","3":"status-publish","4":"has-post-thumbnail","6":"product_cat-colgantes","7":"product_tag-organico","8":"pa_gemmes-rubi","9":"pa_material-plata","11":"first","12":"instock","13":"taxable","14":"shipping-taxable","15":"purchasable","16":"product-type-simple"},"_links":{"self":[{"href":"https:\/\/amediavilla.com\/es\/wp-json\/wp\/v2\/product\/1255","targetHints":{"allow":["GET"]}}],"collection":[{"href":"https:\/\/amediavilla.com\/es\/wp-json\/wp\/v2\/product"}],"about":[{"href":"https:\/\/amediavilla.com\/es\/wp-json\/wp\/v2\/types\/product"}],"wp:featuredmedia":[{"embeddable":true,"href":"https:\/\/amediavilla.com\/es\/wp-json\/wp\/v2\/media\/1251"}],"wp:attachment":[{"href":"https:\/\/amediavilla.com\/es\/wp-json\/wp\/v2\/media?parent=1255"}],"wp:term":[{"taxonomy":"product_brand","embeddable":true,"href":"https:\/\/amediavilla.com\/es\/wp-json\/wp\/v2\/product_brand?post=1255"},{"taxonomy":"product_cat","embeddable":true,"href":"https:\/\/amediavilla.com\/es\/wp-json\/wp\/v2\/product_cat?post=1255"},{"taxonomy":"product_tag","embeddable":true,"href":"https:\/\/amediavilla.com\/es\/wp-json\/wp\/v2\/product_tag?post=1255"}],"curies":[{"name":"wp","href":"https:\/\/api.w.org\/{rel}","templated":true}]}}