{"id":1041,"date":"2025-10-10T17:24:40","date_gmt":"2025-10-10T15:24:40","guid":{"rendered":"https:\/\/amediavilla.com\/tajudem-amb-la-talla-danell\/"},"modified":"2025-10-29T11:11:59","modified_gmt":"2025-10-29T10:11:59","slug":"te-ayudamos-a-escoger-la-talla-del-anillo","status":"publish","type":"page","link":"https:\/\/amediavilla.com\/es\/te-ayudamos-a-escoger-la-talla-del-anillo\/","title":{"rendered":"Te ayudamos a escoger la talla del anillo"},"content":{"rendered":"<div>\u00bfNo sabes qu\u00e9 talla de anillo necesitas? Te mostramos una forma f\u00e1cil y r\u00e1pida de descubrirla<\/div>\n<h1>Encuentra la talla de tu anillo<\/h1>\n<p><a href=\"#contingut\">[arrow-down]<\/a><\/p>\n<div>\n<p>Antes de empezar, ten en cuenta algunos consejos \u00fatiles:<\/p>\n<p>Si, al medir tu talla, dudas entre dos opciones, elige la mayor. Es normal que los dedos puedan hincharse ligeramente a lo largo del d\u00eda.<\/p>\n<p>Si prefieres una medida m\u00e1s precisa, ven a nuestra joyer\u00eda: te ayudaremos a determinar tu talla con exactitud.<\/p>\n<\/div>\n<ul>\n<li>\n<div>Coge un anillo que te vaya bien.<\/div>\n<\/li>\n<li>\n<div>Mide el di\u00e1metro interior (por su parte m\u00e1s ancha) con una regla, en mil\u00edmetros<\/div>\n<\/li>\n<li>\n<div>Consulta nuestra tabla para encontrar la talla que mejor se ajusta a tus necesidades<\/div>\n<\/li>\n<\/ul>\n<p><img decoding=\"async\" src=\"\/wp-content\/uploads\/2025\/10\/mm.jpg\" alt=\"\"><\/p>\n<div>\n<table class=\"uk-table uk-table-striped uk-table-divider uk-table-hover uk-table-middle uk-table-small\">\n<caption class=\"uk-text-bold uk-text-left\">Gu\u00eda de tallas de anillos<\/caption>\n<thead>\n<tr>\n<th class=\"uk-text-center\">Di\u00e1metro interior<\/th>\n<th class=\"uk-text-center\">N\u00ba talla anillo<\/th>\n<\/tr>\n<\/thead>\n<tbody class=\"uk-text-center\">\n<tr>\n<td>14,60&nbsp;mm<\/td>\n<td>6<\/td>\n<\/tr>\n<tr>\n<td>14,90&nbsp;mm<\/td>\n<td>7<\/td>\n<\/tr>\n<tr>\n<td>15,20&nbsp;mm<\/td>\n<td>8<\/td>\n<\/tr>\n<tr>\n<td>15,60&nbsp;mm<\/td>\n<td>9<\/td>\n<\/tr>\n<tr>\n<td>15,90&nbsp;mm<\/td>\n<td>10<\/td>\n<\/tr>\n<tr>\n<td>16,20&nbsp;mm<\/td>\n<td>11<\/td>\n<\/tr>\n<tr>\n<td>16,50&nbsp;mm<\/td>\n<td>12<\/td>\n<\/tr>\n<tr>\n<td>16,90&nbsp;mm<\/td>\n<td>13<\/td>\n<\/tr>\n<tr>\n<td>17,20&nbsp;mm<\/td>\n<td>14<\/td>\n<\/tr>\n<tr>\n<td>17,50&nbsp;mm<\/td>\n<td>15<\/td>\n<\/tr>\n<tr>\n<td>17,80&nbsp;mm<\/td>\n<td>16<\/td>\n<\/tr>\n<tr>\n<td>18,10&nbsp;mm<\/td>\n<td>17<\/td>\n<\/tr>\n<tr>\n<td>18,40&nbsp;mm<\/td>\n<td>18<\/td>\n<\/tr>\n<tr>\n<td>18,70&nbsp;mm<\/td>\n<td>19<\/td>\n<\/tr>\n<tr>\n<td>19,10&nbsp;mm<\/td>\n<td>20<\/td>\n<\/tr>\n<tr>\n<td>19,40&nbsp;mm<\/td>\n<td>21<\/td>\n<\/tr>\n<tr>\n<td>19,70&nbsp;mm<\/td>\n<td>22<\/td>\n<\/tr>\n<tr>\n<td>20,00&nbsp;mm<\/td>\n<td>23<\/td>\n<\/tr>\n<tr>\n<td>20,30&nbsp;mm<\/td>\n<td>24<\/td>\n<\/tr>\n<tr>\n<td>20,70&nbsp;mm<\/td>\n<td>25<\/td>\n<\/tr>\n<tr>\n<td>21,00&nbsp;mm<\/td>\n<td>26<\/td>\n<\/tr>\n<tr>\n<td>21,30&nbsp;mm<\/td>\n<td>27<\/td>\n<\/tr>\n<tr>\n<td>21,60&nbsp;mm<\/td>\n<td>28<\/td>\n<\/tr>\n<\/tbody>\n<\/table>\n<\/div>\n<p><!--more--><br \/>\n<!-- {\"type\":\"layout\",\"children\":[{\"name\":\"Hero Imatge i cap\\u00e7alera\",\"type\":\"section\",\"props\":{\"animation\":\"slide-bottom-medium\",\"animation_delay\":\"200\",\"header_transparent\":true,\"header_transparent_noplaceholder\":true,\"height\":\"viewport\",\"height_offset_top\":true,\"image\":\"wp-content\\\/uploads\\\/2025\\\/10\\\/0MM00742.webp\",\"image_loading\":true,\"image_position\":\"center-center\",\"image_size\":\"cover\",\"image_width\":\"1920\",\"overlap\":true,\"padding\":\"xlarge\",\"preserve_color\":false,\"style\":\"default\",\"text_color\":\"light\",\"title_breakpoint\":\"xl\",\"title_position\":\"top-left\",\"title_rotation\":\"left\",\"vertical_align\":\"middle\",\"width\":\"xsmall\"},\"children\":[{\"type\":\"row\",\"children\":[{\"type\":\"column\",\"props\":{\"image_position\":\"center-center\",\"position_sticky_breakpoint\":\"m\",\"vertical_align\":\"middle\",\"width_medium\":\"1-1\"},\"children\":[{\"type\":\"headline\",\"props\":{\"content\":\"\\u00bfNo sabes qu\\u00e9 talla de anillo necesitas? Te mostramos una forma f\\u00e1cil y r\\u00e1pida de descubrirla\",\"margin\":\"small\",\"text_align\":\"center\",\"title_element\":\"div\",\"title_style\":\"h5\"}},{\"type\":\"headline\",\"props\":{\"content\":\"Encuentra la talla de tu anillo\",\"margin\":\"small\",\"text_align\":\"center\",\"title_element\":\"h1\",\"title_style\":\"heading-large\"}},{\"type\":\"icon\",\"props\":{\"icon\":\"arrow-down\",\"icon_width\":60,\"link\":\"#contingut\",\"margin\":\"default\",\"text_align\":\"center\"}}]}]}]},{\"type\":\"section\",\"props\":{\"id\":\"contingut\",\"image_position\":\"center-center\",\"style\":\"default\",\"title_breakpoint\":\"xl\",\"title_position\":\"top-left\",\"title_rotation\":\"left\",\"vertical_align\":\"middle\",\"width\":\"default\"},\"children\":[{\"type\":\"row\",\"children\":[{\"type\":\"column\",\"props\":{\"image_position\":\"center-center\",\"position_sticky_breakpoint\":\"m\"},\"children\":[{\"type\":\"text\",\"props\":{\"column_breakpoint\":\"m\",\"content\":\"\n\n<p>Antes de empezar, ten en cuenta algunos consejos \\u00fatiles:<\\\/p>\\n\n\n<p>Si, al medir tu talla, dudas entre dos opciones, elige la mayor. Es normal que los dedos puedan hincharse ligeramente a lo largo del d\\u00eda.<\\\/p>\\n\n\n<p>Si prefieres una medida m\\u00e1s precisa, ven a nuestra joyer\\u00eda: te ayudaremos a determinar tu talla con exactitud.<\\\/p>\",\"margin\":\"default\",\"text_style\":\"lead\"}}]}]},{\"type\":\"row\",\"props\":{\"layout\":\"1-2,1-2\"},\"children\":[{\"type\":\"column\",\"props\":{\"image_position\":\"center-center\",\"position_sticky_breakpoint\":\"m\",\"vertical_align\":\"middle\",\"width_medium\":\"1-2\"},\"children\":[{\"type\":\"list\",\"props\":{\"column_breakpoint\":\"m\",\"content_style\":\"h5\",\"icon\":\"arrow-right\",\"icon_color\":\"secondary\",\"icon_width\":\"48\",\"image_align\":\"left\",\"image_svg_color\":\"\",\"image_svg_inline\":true,\"image_vertical_align\":true,\"list_element\":\"ul\",\"list_horizontal_separator\":\", \",\"list_size\":\"large\",\"list_type\":\"vertical\",\"show_image\":true,\"show_link\":true},\"children\":[{\"type\":\"list_item\",\"props\":{\"content\":\"Coge un anillo que te vaya bien.\",\"icon\":\"\"}},{\"type\":\"list_item\",\"props\":{\"content\":\"Mide el di\\u00e1metro interior (por su parte m\\u00e1s ancha) con una regla, en mil\\u00edmetros\",\"icon\":\"\"}},{\"type\":\"list_item\",\"props\":{\"content\":\"Consulta nuestra tabla para encontrar la talla que mejor se ajusta a tus necesidades\",\"icon\":\"\"}}]}]},{\"type\":\"column\",\"props\":{\"image_position\":\"center-center\",\"position_sticky_breakpoint\":\"m\",\"width_medium\":\"1-2\"},\"children\":[{\"type\":\"image\",\"props\":{\"image\":\"wp-content\\\/uploads\\\/2025\\\/10\\\/mm.jpg\",\"image_height\":400,\"image_svg_color\":\"emphasis\",\"margin\":\"default\",\"text_align\":\"center\"}}]}]}]},{\"type\":\"section\",\"children\":[{\"type\":\"row\",\"children\":[{\"type\":\"column\",\"props\":{\"image_position\":\"center-center\",\"position_sticky_breakpoint\":\"m\"},\"children\":[{\"type\":\"html\",\"props\":{\"content\":\"  \n\n<table class=\\\"uk-table uk-table-striped uk-table-divider uk-table-hover uk-table-middle uk-table-small\\\">\\n    \n\n<caption class=\\\"uk-text-bold uk-text-left\\\">Gu\\u00eda de tallas de anillos<\\\/caption>\\n    \n\n<thead>\\n      \n\n<tr>\\n        \n\n<th class=\\\"uk-text-center\\\">Di\\u00e1metro interior<\\\/th>\\n        \n\n<th class=\\\"uk-text-center\\\">N\\u00ba talla anillo<\\\/th>\\n      <\\\/tr>\\n    <\\\/thead>\\n    \n\n<tbody class=\\\"uk-text-center\\\">\\n      \n\n<tr>\n\n<td>14,60&nbsp;mm<\\\/td>\n\n<td>6<\\\/td><\\\/tr>\\n      \n\n<tr>\n\n<td>14,90&nbsp;mm<\\\/td>\n\n<td>7<\\\/td><\\\/tr>\\n      \n\n<tr>\n\n<td>15,20&nbsp;mm<\\\/td>\n\n<td>8<\\\/td><\\\/tr>\\n      \n\n<tr>\n\n<td>15,60&nbsp;mm<\\\/td>\n\n<td>9<\\\/td><\\\/tr>\\n      \n\n<tr>\n\n<td>15,90&nbsp;mm<\\\/td>\n\n<td>10<\\\/td><\\\/tr>\\n      \n\n<tr>\n\n<td>16,20&nbsp;mm<\\\/td>\n\n<td>11<\\\/td><\\\/tr>\\n      \n\n<tr>\n\n<td>16,50&nbsp;mm<\\\/td>\n\n<td>12<\\\/td><\\\/tr>\\n      \n\n<tr>\n\n<td>16,90&nbsp;mm<\\\/td>\n\n<td>13<\\\/td><\\\/tr>\\n      \n\n<tr>\n\n<td>17,20&nbsp;mm<\\\/td>\n\n<td>14<\\\/td><\\\/tr>\\n      \n\n<tr>\n\n<td>17,50&nbsp;mm<\\\/td>\n\n<td>15<\\\/td><\\\/tr>\\n      \n\n<tr>\n\n<td>17,80&nbsp;mm<\\\/td>\n\n<td>16<\\\/td><\\\/tr>\\n      \n\n<tr>\n\n<td>18,10&nbsp;mm<\\\/td>\n\n<td>17<\\\/td><\\\/tr>\\n      \n\n<tr>\n\n<td>18,40&nbsp;mm<\\\/td>\n\n<td>18<\\\/td><\\\/tr>\\n      \n\n<tr>\n\n<td>18,70&nbsp;mm<\\\/td>\n\n<td>19<\\\/td><\\\/tr>\\n      \n\n<tr>\n\n<td>19,10&nbsp;mm<\\\/td>\n\n<td>20<\\\/td><\\\/tr>\\n      \n\n<tr>\n\n<td>19,40&nbsp;mm<\\\/td>\n\n<td>21<\\\/td><\\\/tr>\\n      \n\n<tr>\n\n<td>19,70&nbsp;mm<\\\/td>\n\n<td>22<\\\/td><\\\/tr>\\n      \n\n<tr>\n\n<td>20,00&nbsp;mm<\\\/td>\n\n<td>23<\\\/td><\\\/tr>\\n      \n\n<tr>\n\n<td>20,30&nbsp;mm<\\\/td>\n\n<td>24<\\\/td><\\\/tr>\\n      \n\n<tr>\n\n<td>20,70&nbsp;mm<\\\/td>\n\n<td>25<\\\/td><\\\/tr>\\n      \n\n<tr>\n\n<td>21,00&nbsp;mm<\\\/td>\n\n<td>26<\\\/td><\\\/tr>\\n      \n\n<tr>\n\n<td>21,30&nbsp;mm<\\\/td>\n\n<td>27<\\\/td><\\\/tr>\\n      \n\n<tr>\n\n<td>21,60&nbsp;mm<\\\/td>\n\n<td>28<\\\/td><\\\/tr>\\n    <\\\/tbody>\\n  <\\\/table>\"}}]}]}],\"props\":{\"image_position\":\"center-center\",\"style\":\"default\",\"title_breakpoint\":\"xl\",\"title_position\":\"top-left\",\"title_rotation\":\"left\",\"vertical_align\":\"middle\",\"width\":\"xsmall\"}}],\"version\":\"4.5.31\"} --><\/p>\n","protected":false},"excerpt":{"rendered":"<p>\u00bfNo sabes qu\u00e9 talla de anillo necesitas? Te mostramos una forma f\u00e1cil y r\u00e1pida de descubrirla Encuentra la talla de tu anillo [arrow-down] Antes de empezar, ten en cuenta algunos consejos \u00fatiles: Si, al medir tu talla, dudas entre dos opciones, elige la mayor. Es normal que los dedos puedan hincharse ligeramente a lo largo [&hellip;]<\/p>\n","protected":false},"author":1,"featured_media":0,"parent":0,"menu_order":0,"comment_status":"closed","ping_status":"closed","template":"","meta":{"footnotes":""},"class_list":["post-1041","page","type-page","status-publish","hentry"],"_links":{"self":[{"href":"https:\/\/amediavilla.com\/es\/wp-json\/wp\/v2\/pages\/1041","targetHints":{"allow":["GET"]}}],"collection":[{"href":"https:\/\/amediavilla.com\/es\/wp-json\/wp\/v2\/pages"}],"about":[{"href":"https:\/\/amediavilla.com\/es\/wp-json\/wp\/v2\/types\/page"}],"author":[{"embeddable":true,"href":"https:\/\/amediavilla.com\/es\/wp-json\/wp\/v2\/users\/1"}],"replies":[{"embeddable":true,"href":"https:\/\/amediavilla.com\/es\/wp-json\/wp\/v2\/comments?post=1041"}],"version-history":[{"count":7,"href":"https:\/\/amediavilla.com\/es\/wp-json\/wp\/v2\/pages\/1041\/revisions"}],"predecessor-version":[{"id":1048,"href":"https:\/\/amediavilla.com\/es\/wp-json\/wp\/v2\/pages\/1041\/revisions\/1048"}],"wp:attachment":[{"href":"https:\/\/amediavilla.com\/es\/wp-json\/wp\/v2\/media?parent=1041"}],"curies":[{"name":"wp","href":"https:\/\/api.w.org\/{rel}","templated":true}]}}